{"id":464,"date":"2021-10-28T10:51:14","date_gmt":"2021-10-28T10:51:14","guid":{"rendered":"http:\/\/it9.tech\/en\/?page_id=464"},"modified":"2022-06-03T07:30:09","modified_gmt":"2022-06-03T07:30:09","slug":"home","status":"publish","type":"page","link":"https:\/\/it9.tech\/en\/","title":{"rendered":"Home"},"content":{"rendered":"<p>Transformacja cyfrowa biznesu to maraton, nie sprint. Wsiperamy te dzia\u0142ania, \u015bwiadcz\u0105c uslugi doradcze i zaewniaj\u0105c narz\u0119dzie obejmuj\u0105ce wdro\u017cenie rbotic process automation, project management office (PMO) oraz wdro\u017cenia zwinnych metod zarz\u0105dzania projektami, takich jak agile.<\/p>\n","protected":false},"excerpt":{"rendered":"<p>Transformacja cyfrowa biznesu to maraton, nie sprint. Wsiperamy te dzia\u0142ania, \u015bwiadcz\u0105c uslugi doradcze i zaewniaj\u0105c narz\u0119dzie obejmuj\u0105ce wdro\u017cenie rbotic process automation, project management office (PMO) oraz wdro\u017cenia zwinnych metod zarz\u0105dzania projektami, takich jak agile.<\/p>\n","protected":false},"author":2,"featured_media":0,"parent":0,"menu_order":0,"comment_status":"closed","ping_status":"closed","template":"home.php","meta":{"_monsterinsights_skip_tracking":false,"_monsterinsights_sitenote_active":false,"_monsterinsights_sitenote_note":"","_monsterinsights_sitenote_category":0,"footnotes":""},"class_list":["post-464","page","type-page","status-publish","hentry"],"_links":{"self":[{"href":"https:\/\/it9.tech\/en\/wp-json\/wp\/v2\/pages\/464","targetHints":{"allow":["GET"]}}],"collection":[{"href":"https:\/\/it9.tech\/en\/wp-json\/wp\/v2\/pages"}],"about":[{"href":"https:\/\/it9.tech\/en\/wp-json\/wp\/v2\/types\/page"}],"author":[{"embeddable":true,"href":"https:\/\/it9.tech\/en\/wp-json\/wp\/v2\/users\/2"}],"replies":[{"embeddable":true,"href":"https:\/\/it9.tech\/en\/wp-json\/wp\/v2\/comments?post=464"}],"version-history":[{"count":4,"href":"https:\/\/it9.tech\/en\/wp-json\/wp\/v2\/pages\/464\/revisions"}],"predecessor-version":[{"id":522,"href":"https:\/\/it9.tech\/en\/wp-json\/wp\/v2\/pages\/464\/revisions\/522"}],"wp:attachment":[{"href":"https:\/\/it9.tech\/en\/wp-json\/wp\/v2\/media?parent=464"}],"curies":[{"name":"wp","href":"https:\/\/api.w.org\/{rel}","templated":true}]}}